{"id":18,"date":"2025-04-23T15:01:40","date_gmt":"2025-04-23T13:01:40","guid":{"rendered":"https:\/\/www.jobalto.be\/?page_id=18"},"modified":"2025-06-10T21:33:47","modified_gmt":"2025-06-10T19:33:47","slug":"a-propos","status":"publish","type":"page","link":"https:\/\/www.jobalto.be\/en\/a-propos\/","title":{"rendered":"A propos"},"content":{"rendered":"<div data-elementor-type=\"wp-page\" data-elementor-id=\"18\" class=\"elementor elementor-18\" data-elementor-post-type=\"page\">\n\t\t\t\t<div data-dce-background-image-url=\"http:\/\/yvhtlem.cluster021.hosting.ovh.net\/wp-content\/uploads\/2025\/06\/26c4c688-9910-4328-8b2a-45f5dc889632-1-e1748850494207.webp\" class=\"has_ae_slider elementor-element elementor-element-ba5ca34 e-flex e-con-boxed ae-bg-gallery-type-default e-con e-parent\" data-id=\"ba5ca34\" data-element_type=\"container\" data-e-type=\"container\" data-settings=\"{&quot;background_background&quot;:&quot;classic&quot;,&quot;background_motion_fx_motion_fx_mouse&quot;:&quot;yes&quot;,&quot;background_motion_fx_mouseTrack_effect&quot;:&quot;yes&quot;,&quot;background_motion_fx_mouseTrack_speed&quot;:{&quot;unit&quot;:&quot;px&quot;,&quot;size&quot;:2,&quot;sizes&quot;:[]}}\">\n\t\t\t\t\t<div class=\"e-con-inner\">\n\t\t\t\t<div data-dce-title-color=\"#FFFFFF\" class=\"elementor-element elementor-element-801afc0 elementor-widget elementor-widget-heading\" data-id=\"801afc0\" data-element_type=\"widget\" data-e-type=\"widget\" data-widget_type=\"heading.default\">\n\t\t\t\t\t<h1 class=\"elementor-heading-title elementor-size-default\">A propos<\/h1>\t\t\t\t<\/div>\n\t\t\t\t\t<\/div>\n\t\t\t\t<\/div>\n\t\t<div class=\"has_ae_slider elementor-element elementor-element-edaaa10 e-flex e-con-boxed ae-bg-gallery-type-default e-con e-parent\" data-id=\"edaaa10\" data-element_type=\"container\" data-e-type=\"container\">\n\t\t\t\t\t<div class=\"e-con-inner\">\n\t\t<div class=\"has_ae_slider elementor-element elementor-element-a9d4d24 e-con-full e-flex ae-bg-gallery-type-default e-con e-child\" data-id=\"a9d4d24\" data-element_type=\"container\" data-e-type=\"container\">\n\t\t\t\t<div data-dce-title-color=\"#102928\" class=\"elementor-element elementor-element-8733d86 elementor-widget elementor-widget-heading\" data-id=\"8733d86\" data-element_type=\"widget\" data-e-type=\"widget\" data-widget_type=\"heading.default\">\n\t\t\t\t\t<h2 class=\"elementor-heading-title elementor-size-default\">Notre histoire<\/h2>\t\t\t\t<\/div>\n\t\t\t\t<div data-dce-title-color=\"#00000099\" class=\"elementor-element elementor-element-3b49329 elementor-widget elementor-widget-heading\" data-id=\"3b49329\" data-element_type=\"widget\" data-e-type=\"widget\" data-widget_type=\"heading.default\">\n\t\t\t\t\t<h3 class=\"elementor-heading-title elementor-size-default\">Origine et valeurs de Jobalto<\/h3>\t\t\t\t<\/div>\n\t\t\t\t<\/div>\n\t\t<div class=\"has_ae_slider elementor-element elementor-element-754e29f e-con-full e-flex ae-bg-gallery-type-default e-con e-child\" data-id=\"754e29f\" data-element_type=\"container\" data-e-type=\"container\">\n\t\t\t\t<div data-dce-text-color=\"#102928\" class=\"elementor-element elementor-element-209739d elementor-widget elementor-widget-text-editor\" data-id=\"209739d\" data-element_type=\"widget\" data-e-type=\"widget\" data-widget_type=\"text-editor.default\">\n\t\t\t\t\t\t\t\t\t<p><span style=\"font-weight: 400;\">Jobalto est une agence de placement focalis\u00e9e sur l&rsquo;humain, sp\u00e9cialis\u00e9e dans la recherche de travailleurs et d&#8217;employ\u00e9s dans les secteurs de la construction \/ techniques sp\u00e9ciales, de la logistique \/ transport, de la production \/ l&rsquo;industrie.<\/span><\/p><p><span style=\"font-weight: 400;\">Nous proposons une combinaison de services traditionnels d&rsquo;int\u00e9rim, d\u2019int\u00e9rim d\u2019insertion et de recrutement pour couvrir tous les besoins de rh de nos clients, qu&rsquo;ils soient temporaires ou permanents.<\/span><\/p><p><span style=\"font-weight: 400;\">L&rsquo;approche de Jobalto est tr\u00e8s personnelle et favorise une relation \u00e0 long terme :<\/span><\/p><ol><li><span style=\"font-weight: 400;\"> Nous rencontrons tous nos candidats en personne, non seulement pour conna\u00eetre leur parcours, mais aussi pour apprendre \u00e0 les conna\u00eetre et mieux comprendre leurs aspirations, ce qui les motive et leur donne un sentiment d&rsquo;accomplissement.<br \/><\/span><\/li><li><span style=\"font-weight: 400;\"><span style=\"font-weight: 400;\"> Nous rencontrons \u00e9galement nos clients pour comprendre leur fonctionnement, leur fa\u00e7on de travailler et nous impr\u00e9gner de leur culture d&rsquo;entreprise.<\/span><\/span><\/li><li><span style=\"font-weight: 400;\"> Gr\u00e2ce \u00e0 ces profils personnalis\u00e9s de l&rsquo;entreprise et du candidat, nous faisons le bon choix, en maximisant le bien-\u00eatre et la motivation de nos candidats, tout en optimisant l&rsquo;adoption et l&rsquo;int\u00e9gration de leur nouveau collaborateur par l&rsquo;entreprise.<\/span><\/li><\/ol>\t\t\t\t\t\t\t\t<\/div>\n\t\t\t\t<\/div>\n\t\t\t\t\t<\/div>\n\t\t\t\t<\/div>\n\t\t<div class=\"has_ae_slider elementor-element elementor-element-1ce4d56 e-flex e-con-boxed ae-bg-gallery-type-default e-con e-parent\" data-id=\"1ce4d56\" data-element_type=\"container\" data-e-type=\"container\">\n\t\t\t\t\t<div class=\"e-con-inner\">\n\t\t<div class=\"has_ae_slider elementor-element elementor-element-7d15ce9 e-con-full e-flex ae-bg-gallery-type-default e-con e-child\" data-id=\"7d15ce9\" data-element_type=\"container\" data-e-type=\"container\">\n\t\t\t\t<div class=\"elementor-element elementor-element-c1f6ee0 elementor-drop-cap-yes elementor-widget__width-initial elementor-drop-cap-view-default elementor-widget elementor-widget-text-editor\" data-id=\"c1f6ee0\" data-element_type=\"widget\" data-e-type=\"widget\" data-settings=\"{&quot;drop_cap&quot;:&quot;yes&quot;}\" data-widget_type=\"text-editor.default\">\n\t\t\t\t\t\t\t\t\t<p><em>\u2013 L&rsquo;\u00e9quipe Jobalto vous salue<\/em><\/p>\t\t\t\t\t\t\t\t<\/div>\n\t\t\t\t<\/div>\n\t\t\t\t\t<\/div>\n\t\t\t\t<\/div>\n\t\t<div class=\"has_ae_slider elementor-element elementor-element-fbe4d49 e-flex e-con-boxed ae-bg-gallery-type-default e-con e-parent\" data-id=\"fbe4d49\" data-element_type=\"container\" data-e-type=\"container\">\n\t\t\t\t\t<div class=\"e-con-inner\">\n\t\t\t\t<div class=\"elementor-element elementor-element-77431e3 elementor-widget elementor-widget-html\" data-id=\"77431e3\" data-element_type=\"widget\" data-e-type=\"widget\" data-widget_type=\"html.default\">\n\t\t\t\t\t<img decoding=\"async\" src=\"https:\/\/www.jobalto.be\/wp-content\/uploads\/2025\/06\/photo-683d55869a1b1.webp\" usemap=\"#image-map\">\n\n<map name=\"image-map\">\n    <area target=\"_blank\" alt=\"Palof\" title=\"Palof\" href=\"https:\/\/www.linkedin.com\/in\/pierre-alexandre-lefebvre-211096a2\/\" coords=\"7,663,76,524,81,377,1,315\" shape=\"poly\">\n    <area target=\"_blank\" alt=\"Simon\" title=\"Simon\" href=\"https:\/\/www.linkedin.com\/in\/simon-hardy-7740a2245\/\" coords=\"134,414,253,605\" shape=\"rect\">\n    <area target=\"_blank\" alt=\"Nico\" title=\"Nico\" href=\"https:\/\/www.linkedin.com\/in\/nicolas-mineur\/\" coords=\"308,397,435,613\" shape=\"rect\">\n    <area target=\"_blank\" alt=\"Soso\" title=\"Soso\" href=\"https:\/\/www.linkedin.com\/in\/sophiehenin\/\" coords=\"555,598,522,569,519,501,560,470,598,488,604,536,589,578,574,593\" shape=\"poly\">\n    <area target=\"_blank\" alt=\"Sarah\" title=\"Sarah\" href=\"https:\/\/www.linkedin.com\/in\/sarah-tassin-a99745237\/\" coords=\"669,605,625,561,613,463,633,413,699,399,741,421,757,450,763,517,744,563,713,591\" shape=\"poly\">\n    <area target=\"_blank\" alt=\"Diego\" title=\"Diego\" href=\"https:\/\/www.linkedin.com\/in\/diegoketels\/\" coords=\"876,672,805,563,782,422,866,348,965,350,1019,383,1021,547,981,624,924,672\" shape=\"poly\">\n<\/map>\t\t\t\t<\/div>\n\t\t\t\t\t<\/div>\n\t\t\t\t<\/div>\n\t\t\t\t<\/div>","protected":false},"excerpt":{"rendered":"<p>A propos Notre histoire Origine et valeurs de Jobalto Jobalto est une agence de placement focalis\u00e9e sur l&rsquo;humain, sp\u00e9cialis\u00e9e dans la recherche de travailleurs et d&#8217;employ\u00e9s dans les secteurs de la construction \/ techniques sp\u00e9ciales, de la logistique \/ transport, de la production \/ l&rsquo;industrie. Nous proposons une combinaison de services traditionnels d&rsquo;int\u00e9rim, d\u2019int\u00e9rim d\u2019insertion [&hellip;]<\/p>\n","protected":false},"author":2,"featured_media":0,"parent":0,"menu_order":0,"comment_status":"closed","ping_status":"closed","template":"","meta":{"_acf_changed":false,"footnotes":""},"class_list":["post-18","page","type-page","status-publish","hentry"],"acf":[],"yoast_head":"<!-- This site is optimized with the Yoast SEO plugin v27.5 - https:\/\/yoast.com\/product\/yoast-seo-wordpress\/ -->\n<title>Origine et valeurs de Jobalto<\/title>\n<meta name=\"description\" content=\"Origine et valeurs de Jobalto : une approche humaine du placement alliant int\u00e9rim, insertion et recrutement pour un matching durable.\" \/>\n<meta name=\"robots\" content=\"index, follow, max-snippet:-1, max-image-preview:large, max-video-preview:-1\" \/>\n<link rel=\"canonical\" href=\"https:\/\/www.jobalto.be\/en\/a-propos\/\" \/>\n<meta property=\"og:locale\" content=\"en_GB\" \/>\n<meta property=\"og:type\" content=\"article\" \/>\n<meta property=\"og:title\" content=\"Origine et valeurs de Jobalto\" \/>\n<meta property=\"og:description\" content=\"Origine et valeurs de Jobalto : une approche humaine du placement alliant int\u00e9rim, insertion et recrutement pour un matching durable.\" \/>\n<meta property=\"og:url\" content=\"https:\/\/www.jobalto.be\/en\/a-propos\/\" \/>\n<meta property=\"og:site_name\" content=\"Jobalto\" \/>\n<meta property=\"article:modified_time\" content=\"2025-06-10T19:33:47+00:00\" \/>\n<meta property=\"og:image\" content=\"https:\/\/www.jobalto.be\/wp-content\/uploads\/2025\/06\/photo-683d55869a1b1.webp\" \/>\n<meta name=\"twitter:card\" content=\"summary_large_image\" \/>\n<meta name=\"twitter:label1\" content=\"Estimated reading time\" \/>\n\t<meta name=\"twitter:data1\" content=\"2 minutes\" \/>\n<script type=\"application\/ld+json\" class=\"yoast-schema-graph\">{\"@context\":\"https:\\\/\\\/schema.org\",\"@graph\":[{\"@type\":\"WebPage\",\"@id\":\"https:\\\/\\\/www.jobalto.be\\\/a-propos\\\/\",\"url\":\"https:\\\/\\\/www.jobalto.be\\\/a-propos\\\/\",\"name\":\"Origine et valeurs de Jobalto\",\"isPartOf\":{\"@id\":\"https:\\\/\\\/www.jobalto.be\\\/#website\"},\"primaryImageOfPage\":{\"@id\":\"https:\\\/\\\/www.jobalto.be\\\/a-propos\\\/#primaryimage\"},\"image\":{\"@id\":\"https:\\\/\\\/www.jobalto.be\\\/a-propos\\\/#primaryimage\"},\"thumbnailUrl\":\"https:\\\/\\\/www.jobalto.be\\\/wp-content\\\/uploads\\\/2025\\\/06\\\/photo-683d55869a1b1.webp\",\"datePublished\":\"2025-04-23T13:01:40+00:00\",\"dateModified\":\"2025-06-10T19:33:47+00:00\",\"description\":\"Origine et valeurs de Jobalto : une approche humaine du placement alliant int\u00e9rim, insertion et recrutement pour un matching durable.\",\"breadcrumb\":{\"@id\":\"https:\\\/\\\/www.jobalto.be\\\/a-propos\\\/#breadcrumb\"},\"inLanguage\":\"en-GB\",\"potentialAction\":[{\"@type\":\"ReadAction\",\"target\":[\"https:\\\/\\\/www.jobalto.be\\\/a-propos\\\/\"]}]},{\"@type\":\"ImageObject\",\"inLanguage\":\"en-GB\",\"@id\":\"https:\\\/\\\/www.jobalto.be\\\/a-propos\\\/#primaryimage\",\"url\":\"https:\\\/\\\/www.jobalto.be\\\/wp-content\\\/uploads\\\/2025\\\/06\\\/photo-683d55869a1b1.webp\",\"contentUrl\":\"https:\\\/\\\/www.jobalto.be\\\/wp-content\\\/uploads\\\/2025\\\/06\\\/photo-683d55869a1b1.webp\"},{\"@type\":\"BreadcrumbList\",\"@id\":\"https:\\\/\\\/www.jobalto.be\\\/a-propos\\\/#breadcrumb\",\"itemListElement\":[{\"@type\":\"ListItem\",\"position\":1,\"name\":\"Accueil\",\"item\":\"https:\\\/\\\/www.jobalto.be\\\/\"},{\"@type\":\"ListItem\",\"position\":2,\"name\":\"A propos\"}]},{\"@type\":\"WebSite\",\"@id\":\"https:\\\/\\\/www.jobalto.be\\\/#website\",\"url\":\"https:\\\/\\\/www.jobalto.be\\\/\",\"name\":\"Jobalto\",\"description\":\"\u00c9l\u00e8ve ta carri\u00e8re\",\"publisher\":{\"@id\":\"https:\\\/\\\/www.jobalto.be\\\/#organization\"},\"potentialAction\":[{\"@type\":\"SearchAction\",\"target\":{\"@type\":\"EntryPoint\",\"urlTemplate\":\"https:\\\/\\\/www.jobalto.be\\\/?s={search_term_string}\"},\"query-input\":{\"@type\":\"PropertyValueSpecification\",\"valueRequired\":true,\"valueName\":\"search_term_string\"}}],\"inLanguage\":\"en-GB\"},{\"@type\":\"Organization\",\"@id\":\"https:\\\/\\\/www.jobalto.be\\\/#organization\",\"name\":\"Jobalto\",\"url\":\"https:\\\/\\\/www.jobalto.be\\\/\",\"logo\":{\"@type\":\"ImageObject\",\"inLanguage\":\"en-GB\",\"@id\":\"https:\\\/\\\/www.jobalto.be\\\/#\\\/schema\\\/logo\\\/image\\\/\",\"url\":\"https:\\\/\\\/www.jobalto.be\\\/wp-content\\\/uploads\\\/2025\\\/02\\\/Logo-Brand-Dark.png\",\"contentUrl\":\"https:\\\/\\\/www.jobalto.be\\\/wp-content\\\/uploads\\\/2025\\\/02\\\/Logo-Brand-Dark.png\",\"width\":1331,\"height\":324,\"caption\":\"Jobalto\"},\"image\":{\"@id\":\"https:\\\/\\\/www.jobalto.be\\\/#\\\/schema\\\/logo\\\/image\\\/\"}}]}<\/script>\n<!-- \/ Yoast SEO plugin. -->","yoast_head_json":{"title":"Origine et valeurs de Jobalto","description":"Origine et valeurs de Jobalto : une approche humaine du placement alliant int\u00e9rim, insertion et recrutement pour un matching durable.","robots":{"index":"index","follow":"follow","max-snippet":"max-snippet:-1","max-image-preview":"max-image-preview:large","max-video-preview":"max-video-preview:-1"},"canonical":"https:\/\/www.jobalto.be\/en\/a-propos\/","og_locale":"en_GB","og_type":"article","og_title":"Origine et valeurs de Jobalto","og_description":"Origine et valeurs de Jobalto : une approche humaine du placement alliant int\u00e9rim, insertion et recrutement pour un matching durable.","og_url":"https:\/\/www.jobalto.be\/en\/a-propos\/","og_site_name":"Jobalto","article_modified_time":"2025-06-10T19:33:47+00:00","og_image":[{"url":"https:\/\/www.jobalto.be\/wp-content\/uploads\/2025\/06\/photo-683d55869a1b1.webp","type":"","width":"","height":""}],"twitter_card":"summary_large_image","twitter_misc":{"Estimated reading time":"2 minutes"},"schema":{"@context":"https:\/\/schema.org","@graph":[{"@type":"WebPage","@id":"https:\/\/www.jobalto.be\/a-propos\/","url":"https:\/\/www.jobalto.be\/a-propos\/","name":"Origine et valeurs de Jobalto","isPartOf":{"@id":"https:\/\/www.jobalto.be\/#website"},"primaryImageOfPage":{"@id":"https:\/\/www.jobalto.be\/a-propos\/#primaryimage"},"image":{"@id":"https:\/\/www.jobalto.be\/a-propos\/#primaryimage"},"thumbnailUrl":"https:\/\/www.jobalto.be\/wp-content\/uploads\/2025\/06\/photo-683d55869a1b1.webp","datePublished":"2025-04-23T13:01:40+00:00","dateModified":"2025-06-10T19:33:47+00:00","description":"Origine et valeurs de Jobalto : une approche humaine du placement alliant int\u00e9rim, insertion et recrutement pour un matching durable.","breadcrumb":{"@id":"https:\/\/www.jobalto.be\/a-propos\/#breadcrumb"},"inLanguage":"en-GB","potentialAction":[{"@type":"ReadAction","target":["https:\/\/www.jobalto.be\/a-propos\/"]}]},{"@type":"ImageObject","inLanguage":"en-GB","@id":"https:\/\/www.jobalto.be\/a-propos\/#primaryimage","url":"https:\/\/www.jobalto.be\/wp-content\/uploads\/2025\/06\/photo-683d55869a1b1.webp","contentUrl":"https:\/\/www.jobalto.be\/wp-content\/uploads\/2025\/06\/photo-683d55869a1b1.webp"},{"@type":"BreadcrumbList","@id":"https:\/\/www.jobalto.be\/a-propos\/#breadcrumb","itemListElement":[{"@type":"ListItem","position":1,"name":"Accueil","item":"https:\/\/www.jobalto.be\/"},{"@type":"ListItem","position":2,"name":"A propos"}]},{"@type":"WebSite","@id":"https:\/\/www.jobalto.be\/#website","url":"https:\/\/www.jobalto.be\/","name":"Jobalto","description":"\u00c9l\u00e8ve ta carri\u00e8re","publisher":{"@id":"https:\/\/www.jobalto.be\/#organization"},"potentialAction":[{"@type":"SearchAction","target":{"@type":"EntryPoint","urlTemplate":"https:\/\/www.jobalto.be\/?s={search_term_string}"},"query-input":{"@type":"PropertyValueSpecification","valueRequired":true,"valueName":"search_term_string"}}],"inLanguage":"en-GB"},{"@type":"Organization","@id":"https:\/\/www.jobalto.be\/#organization","name":"Jobalto","url":"https:\/\/www.jobalto.be\/","logo":{"@type":"ImageObject","inLanguage":"en-GB","@id":"https:\/\/www.jobalto.be\/#\/schema\/logo\/image\/","url":"https:\/\/www.jobalto.be\/wp-content\/uploads\/2025\/02\/Logo-Brand-Dark.png","contentUrl":"https:\/\/www.jobalto.be\/wp-content\/uploads\/2025\/02\/Logo-Brand-Dark.png","width":1331,"height":324,"caption":"Jobalto"},"image":{"@id":"https:\/\/www.jobalto.be\/#\/schema\/logo\/image\/"}}]}},"_links":{"self":[{"href":"https:\/\/www.jobalto.be\/en\/wp-json\/wp\/v2\/pages\/18","targetHints":{"allow":["GET"]}}],"collection":[{"href":"https:\/\/www.jobalto.be\/en\/wp-json\/wp\/v2\/pages"}],"about":[{"href":"https:\/\/www.jobalto.be\/en\/wp-json\/wp\/v2\/types\/page"}],"author":[{"embeddable":true,"href":"https:\/\/www.jobalto.be\/en\/wp-json\/wp\/v2\/users\/2"}],"replies":[{"embeddable":true,"href":"https:\/\/www.jobalto.be\/en\/wp-json\/wp\/v2\/comments?post=18"}],"version-history":[{"count":34,"href":"https:\/\/www.jobalto.be\/en\/wp-json\/wp\/v2\/pages\/18\/revisions"}],"predecessor-version":[{"id":478,"href":"https:\/\/www.jobalto.be\/en\/wp-json\/wp\/v2\/pages\/18\/revisions\/478"}],"wp:attachment":[{"href":"https:\/\/www.jobalto.be\/en\/wp-json\/wp\/v2\/media?parent=18"}],"curies":[{"name":"wp","href":"https:\/\/api.w.org\/{rel}","templated":true}]}}