{"id":352,"date":"2025-06-04T10:04:01","date_gmt":"2025-06-04T08:04:01","guid":{"rendered":"https:\/\/www.jobalto.be\/politique-de-cookies-ue\/"},"modified":"2025-06-04T10:04:01","modified_gmt":"2025-06-04T08:04:01","slug":"politique-de-cookies-ue","status":"publish","type":"page","link":"https:\/\/www.jobalto.be\/nl\/politique-de-cookies-ue\/","title":{"rendered":"Politique de cookies (UE)"},"content":{"rendered":"<p>[cmplz-document type=\u00a0\u00bbcookie-statement\u00a0\u00bb region=\u00a0\u00bbeu\u00a0\u00bb]<\/p>\n","protected":false},"excerpt":{"rendered":"<p>[cmplz-document type=\u00a0\u00bbcookie-statement\u00a0\u00bb region=\u00a0\u00bbeu\u00a0\u00bb]<\/p>\n","protected":false},"author":2,"featured_media":0,"parent":0,"menu_order":0,"comment_status":"closed","ping_status":"closed","template":"","meta":{"_acf_changed":false,"footnotes":""},"class_list":["post-352","page","type-page","status-publish","hentry"],"acf":[],"yoast_head":"<!-- This site is optimized with the Yoast SEO plugin v27.5 - https:\/\/yoast.com\/product\/yoast-seo-wordpress\/ -->\n<title>Politique de cookies (UE) - Jobalto<\/title>\n<meta name=\"robots\" content=\"index, follow, max-snippet:-1, max-image-preview:large, max-video-preview:-1\" \/>\n<link rel=\"canonical\" href=\"https:\/\/www.jobalto.be\/nl\/politique-de-cookies-ue\/\" \/>\n<meta property=\"og:locale\" content=\"nl_NL\" \/>\n<meta property=\"og:type\" content=\"article\" \/>\n<meta property=\"og:title\" content=\"Politique de cookies (UE) - Jobalto\" \/>\n<meta property=\"og:description\" content=\"[cmplz-document type=\u00a0\u00bbcookie-statement\u00a0\u00bb region=\u00a0\u00bbeu\u00a0\u00bb]\" \/>\n<meta property=\"og:url\" content=\"https:\/\/www.jobalto.be\/nl\/politique-de-cookies-ue\/\" \/>\n<meta property=\"og:site_name\" content=\"Jobalto\" \/>\n<meta property=\"og:image\" content=\"https:\/\/www.jobalto.be\/wp-content\/uploads\/2025\/02\/Logo-Brand-Dark.png\" \/>\n\t<meta property=\"og:image:width\" content=\"1331\" \/>\n\t<meta property=\"og:image:height\" content=\"324\" \/>\n\t<meta property=\"og:image:type\" content=\"image\/png\" \/>\n<meta name=\"twitter:card\" content=\"summary_large_image\" \/>\n<script type=\"application\/ld+json\" class=\"yoast-schema-graph\">{\"@context\":\"https:\\\/\\\/schema.org\",\"@graph\":[{\"@type\":\"WebPage\",\"@id\":\"https:\\\/\\\/www.jobalto.be\\\/politique-de-cookies-ue\\\/\",\"url\":\"https:\\\/\\\/www.jobalto.be\\\/politique-de-cookies-ue\\\/\",\"name\":\"Politique de cookies (UE) - Jobalto\",\"isPartOf\":{\"@id\":\"https:\\\/\\\/www.jobalto.be\\\/#website\"},\"datePublished\":\"2025-06-04T08:04:01+00:00\",\"breadcrumb\":{\"@id\":\"https:\\\/\\\/www.jobalto.be\\\/politique-de-cookies-ue\\\/#breadcrumb\"},\"inLanguage\":\"nl-NL\",\"potentialAction\":[{\"@type\":\"ReadAction\",\"target\":[\"https:\\\/\\\/www.jobalto.be\\\/politique-de-cookies-ue\\\/\"]}]},{\"@type\":\"BreadcrumbList\",\"@id\":\"https:\\\/\\\/www.jobalto.be\\\/politique-de-cookies-ue\\\/#breadcrumb\",\"itemListElement\":[{\"@type\":\"ListItem\",\"position\":1,\"name\":\"Accueil\",\"item\":\"https:\\\/\\\/www.jobalto.be\\\/\"},{\"@type\":\"ListItem\",\"position\":2,\"name\":\"Politique de cookies (UE)\"}]},{\"@type\":\"WebSite\",\"@id\":\"https:\\\/\\\/www.jobalto.be\\\/#website\",\"url\":\"https:\\\/\\\/www.jobalto.be\\\/\",\"name\":\"Jobalto\",\"description\":\"\u00c9l\u00e8ve ta carri\u00e8re\",\"publisher\":{\"@id\":\"https:\\\/\\\/www.jobalto.be\\\/#organization\"},\"potentialAction\":[{\"@type\":\"SearchAction\",\"target\":{\"@type\":\"EntryPoint\",\"urlTemplate\":\"https:\\\/\\\/www.jobalto.be\\\/?s={search_term_string}\"},\"query-input\":{\"@type\":\"PropertyValueSpecification\",\"valueRequired\":true,\"valueName\":\"search_term_string\"}}],\"inLanguage\":\"nl-NL\"},{\"@type\":\"Organization\",\"@id\":\"https:\\\/\\\/www.jobalto.be\\\/#organization\",\"name\":\"Jobalto\",\"url\":\"https:\\\/\\\/www.jobalto.be\\\/\",\"logo\":{\"@type\":\"ImageObject\",\"inLanguage\":\"nl-NL\",\"@id\":\"https:\\\/\\\/www.jobalto.be\\\/#\\\/schema\\\/logo\\\/image\\\/\",\"url\":\"https:\\\/\\\/www.jobalto.be\\\/wp-content\\\/uploads\\\/2025\\\/02\\\/Logo-Brand-Dark.png\",\"contentUrl\":\"https:\\\/\\\/www.jobalto.be\\\/wp-content\\\/uploads\\\/2025\\\/02\\\/Logo-Brand-Dark.png\",\"width\":1331,\"height\":324,\"caption\":\"Jobalto\"},\"image\":{\"@id\":\"https:\\\/\\\/www.jobalto.be\\\/#\\\/schema\\\/logo\\\/image\\\/\"}}]}<\/script>\n<!-- \/ Yoast SEO plugin. -->","yoast_head_json":{"title":"Politique de cookies (UE) - Jobalto","robots":{"index":"index","follow":"follow","max-snippet":"max-snippet:-1","max-image-preview":"max-image-preview:large","max-video-preview":"max-video-preview:-1"},"canonical":"https:\/\/www.jobalto.be\/nl\/politique-de-cookies-ue\/","og_locale":"nl_NL","og_type":"article","og_title":"Politique de cookies (UE) - Jobalto","og_description":"[cmplz-document type=\u00a0\u00bbcookie-statement\u00a0\u00bb region=\u00a0\u00bbeu\u00a0\u00bb]","og_url":"https:\/\/www.jobalto.be\/nl\/politique-de-cookies-ue\/","og_site_name":"Jobalto","og_image":[{"width":1331,"height":324,"url":"https:\/\/www.jobalto.be\/wp-content\/uploads\/2025\/02\/Logo-Brand-Dark.png","type":"image\/png"}],"twitter_card":"summary_large_image","schema":{"@context":"https:\/\/schema.org","@graph":[{"@type":"WebPage","@id":"https:\/\/www.jobalto.be\/politique-de-cookies-ue\/","url":"https:\/\/www.jobalto.be\/politique-de-cookies-ue\/","name":"Politique de cookies (UE) - Jobalto","isPartOf":{"@id":"https:\/\/www.jobalto.be\/#website"},"datePublished":"2025-06-04T08:04:01+00:00","breadcrumb":{"@id":"https:\/\/www.jobalto.be\/politique-de-cookies-ue\/#breadcrumb"},"inLanguage":"nl-NL","potentialAction":[{"@type":"ReadAction","target":["https:\/\/www.jobalto.be\/politique-de-cookies-ue\/"]}]},{"@type":"BreadcrumbList","@id":"https:\/\/www.jobalto.be\/politique-de-cookies-ue\/#breadcrumb","itemListElement":[{"@type":"ListItem","position":1,"name":"Accueil","item":"https:\/\/www.jobalto.be\/"},{"@type":"ListItem","position":2,"name":"Politique de cookies (UE)"}]},{"@type":"WebSite","@id":"https:\/\/www.jobalto.be\/#website","url":"https:\/\/www.jobalto.be\/","name":"Jobalto","description":"\u00c9l\u00e8ve ta carri\u00e8re","publisher":{"@id":"https:\/\/www.jobalto.be\/#organization"},"potentialAction":[{"@type":"SearchAction","target":{"@type":"EntryPoint","urlTemplate":"https:\/\/www.jobalto.be\/?s={search_term_string}"},"query-input":{"@type":"PropertyValueSpecification","valueRequired":true,"valueName":"search_term_string"}}],"inLanguage":"nl-NL"},{"@type":"Organization","@id":"https:\/\/www.jobalto.be\/#organization","name":"Jobalto","url":"https:\/\/www.jobalto.be\/","logo":{"@type":"ImageObject","inLanguage":"nl-NL","@id":"https:\/\/www.jobalto.be\/#\/schema\/logo\/image\/","url":"https:\/\/www.jobalto.be\/wp-content\/uploads\/2025\/02\/Logo-Brand-Dark.png","contentUrl":"https:\/\/www.jobalto.be\/wp-content\/uploads\/2025\/02\/Logo-Brand-Dark.png","width":1331,"height":324,"caption":"Jobalto"},"image":{"@id":"https:\/\/www.jobalto.be\/#\/schema\/logo\/image\/"}}]}},"_links":{"self":[{"href":"https:\/\/www.jobalto.be\/nl\/wp-json\/wp\/v2\/pages\/352","targetHints":{"allow":["GET"]}}],"collection":[{"href":"https:\/\/www.jobalto.be\/nl\/wp-json\/wp\/v2\/pages"}],"about":[{"href":"https:\/\/www.jobalto.be\/nl\/wp-json\/wp\/v2\/types\/page"}],"author":[{"embeddable":true,"href":"https:\/\/www.jobalto.be\/nl\/wp-json\/wp\/v2\/users\/2"}],"replies":[{"embeddable":true,"href":"https:\/\/www.jobalto.be\/nl\/wp-json\/wp\/v2\/comments?post=352"}],"version-history":[{"count":0,"href":"https:\/\/www.jobalto.be\/nl\/wp-json\/wp\/v2\/pages\/352\/revisions"}],"wp:attachment":[{"href":"https:\/\/www.jobalto.be\/nl\/wp-json\/wp\/v2\/media?parent=352"}],"curies":[{"name":"wp","href":"https:\/\/api.w.org\/{rel}","templated":true}]}}